{"id":249,"date":"2013-04-01T22:59:50","date_gmt":"2013-04-01T19:59:50","guid":{"rendered":"http:\/\/sperantaramniceana.ro\/atonix\/?page_id=249"},"modified":"2013-04-20T20:05:35","modified_gmt":"2013-04-20T17:05:35","slug":"voluntari-2011-2013","status":"publish","type":"page","link":"https:\/\/atonix.ro\/?page_id=249","title":{"rendered":"Voluntari 2010 &#8211; 2013"},"content":{"rendered":"<h4 style=\"text-align: justify;\"><span style=\"color: #008000;\"><strong>In continuare veti face cunostinta cu voluntarii care pe parcursul anilor 2011, 2012 si 2013 au luat parte la proiectele si actiunile Asociatiei de Tineret ONIX, proiecte finantate de catre Comisia Europeana prin Programul Tineret in Actiune&#8221;<\/strong><\/span><\/h4>\n<p style=\"text-align: justify;\"><strong style=\"line-height: 24px;\">In anul\u00a0<\/strong><strong>2013\u00a0<\/strong><span style=\"color: #993366;\"><strong style=\"line-height: 24px;\">au fost derulate atat proiecte interne cat si internat<\/strong><\/span><span style=\"color: #993366;\"><strong style=\"line-height: 24px;\">ionale cu participarea voluntarilor Onix. Acestea sunt:<\/strong><\/span><\/p>\n<p style=\"text-align: justify;\"><em>1. <strong>&#8222;EDU PERFORMING&#8221;,<\/strong>\u00a0training curs, actiunea 3.1b, Ramnicu Sarat, 11 &#8211; 19 aprilie. Parteneri: Romania, Turcia, Letonia, Lituania, Bulgaria, Slovenia, Moldova, Azerbaidjan.<\/em><\/p>\n<ol>\n<li><a href=\"https:\/\/www.facebook.com\/biscuitzi.cu.uraniu?ref=ts&amp;fref=ts\">Rotea Emilian \u2013 participant<\/a><\/li>\n<li><a href=\"https:\/\/www.facebook.com\/denis.oprea.7?fref=ts\">Oprea Denis \u2013 Participant<\/a><\/li>\n<li><a href=\"https:\/\/www.facebook.com\/lestaaat?fref=ts\">Pintilie Stefan \u2013 Participant<\/a><\/li>\n<li><a href=\"https:\/\/www.facebook.com\/lorysha?fref=ts\">Holban Laura \u2013 Participant<\/a><\/li>\n<li><a href=\"https:\/\/www.facebook.com\/anca.neculaiasa?fref=ts\">Neculaiasa Anca \u2013 Participant<\/a><\/li>\n<\/ol>\n<p>Echipa de Formatori si Organizare este alcatuita din:<\/p>\n<ol>\n<li><a href=\"https:\/\/www.facebook.com\/giorgiana.grozea?fref=ts\">Giorgiana Grozea \u2013 Formator 1<\/a><\/li>\n<li>David Daniel \u2013 Formator 2<\/li>\n<li><a href=\"https:\/\/www.facebook.com\/neculaiasa.arabenna?fref=ts\">Neculaiasa Arabena \u2013 Asistent 1<\/a><\/li>\n<li>Moraru Mirela \u2013 Asistent 2<\/li>\n<li><a href=\"https:\/\/www.facebook.com\/silviu.andreiu?fref=ts\">Andreiu Silviu \u2013 Staff support 1<\/a><\/li>\n<li><a href=\"https:\/\/www.facebook.com\/cocolos.gabriel?fref=ts\">Cocolos Gabriel \u2013 Staff support 2<\/a><\/li>\n<\/ol>\n<p style=\"text-align: justify;\"><em><strong style=\"line-height: 24px;\">2. &#8222;European winter spirit through traditions and sports&#8221;, Predeal &#8211; <\/strong>EWSTAS, 20 &#8211; 27 februarie 2013, proiect al Centrului Cultural &#8222;Florica Cristoforeanu&#8221; in care au participat:<\/em><\/p>\n<ol style=\"line-height: 24px;\">\n<li style=\"text-align: justify;\"><a href=\"http:\/\/www.facebook.com\/maria.alexandra.31?fref=ts\">Maria Alexandra Constantinescu<\/a>\u00a0&#8211; Leader<\/li>\n<li><span style=\"line-height: 24px;\"><a href=\"http:\/\/www.facebook.com\/florin.ceparu?fref=ts\">Ceparu Florin<\/a> &#8211; Project team 1<\/span><\/li>\n<li><a href=\"http:\/\/www.facebook.com\/mateevici.volodea\">Volodea Mateevici<\/a> &#8211; Project team 2<\/li>\n<li><a href=\"http:\/\/www.facebook.com\/oanar.toma.1?fref=ts\">Oana Toma<\/a><\/li>\n<li><a href=\"http:\/\/www.facebook.com\/draghici.gheorghita?fref=ts\">Gheorghita Draghici<\/a><\/li>\n<li><a href=\"http:\/\/www.facebook.com\/silviu.andreiu?fref=ts\">Andreiu Silviu<\/a><\/li>\n<li><a href=\"http:\/\/www.facebook.com\/narcis.dan.3?ref=ts&amp;fref=ts\">Narcis Dan<\/a><\/li>\n<li><a href=\"http:\/\/www.facebook.com\/denisa.ion.1441?fref=ts\">Denisa Ion<\/a><\/li>\n<\/ol>\n<p><em><span style=\"font-size: 16px;\">2.<strong> &#8222;Environement, present and future&#8221;, <\/strong>Arhavin &#8211; Trabzon, Turcia:<\/span><\/em><\/p>\n<ol>\n<li><a href=\"http:\/\/www.facebook.com\/matei.andrei0?fref=ts\">Andrei Matei<\/a> &#8211; Leader<\/li>\n<li><a href=\"http:\/\/www.facebook.com\/Stolo28?fref=ts\">Stolojanu Ionut<\/a><\/li>\n<li><a href=\"http:\/\/www.facebook.com\/xpuncteee?fref=pb\">Craciun Raluca<\/a><\/li>\n<li>Tirca Radu<\/li>\n<\/ol>\n<p><em>3. <strong>&#8222;Rhythm of Youth and Snow Energy&#8221;,<\/strong> Sar\u0131kam\u0131\u015f &#8211; Kars, Turcia:<\/em><\/p>\n<ol style=\"line-height: 24px;\">\n<li><a href=\"http:\/\/www.facebook.com\/john.bonjuricaadrian?fref=ts\">Pantazica Adrian<\/a><\/li>\n<li><a href=\"http:\/\/www.facebook.com\/bogdan.pbrn?fref=ts\">Bogdan Vilcu<\/a><\/li>\n<\/ol>\n<p><em>4.\u00a0<strong>\u201cYouth (un)employment: present and future\u201d<\/strong>, Kaunas, Lituania:<\/em><\/p>\n<ol style=\"line-height: 24px;\">\n<li><a href=\"http:\/\/www.facebook.com\/marin.razvancristian.1\">Denis Oprea<\/a>\u00a0&#8211; Leader<\/li>\n<li><a href=\"http:\/\/www.facebook.com\/matei.andrei0?fref=ts\">Andrei Matei<\/a><\/li>\n<li><a href=\"http:\/\/www.facebook.com\/daniela.elena.39?fref=ts\">Daniela Labus<\/a><\/li>\n<li><a href=\"http:\/\/www.facebook.com\/biscuitzi.cu.uraniu?fref=ts\">Rotea Emilian<\/a><\/li>\n<li><a href=\"http:\/\/www.facebook.com\/gogu.gina?fref=ts\">Gina Gogu<\/a><\/li>\n<li><a href=\"http:\/\/www.facebook.com\/biciin.alexandru?fref=ts\">Biciin Alexandru<\/a><\/li>\n<\/ol>\n<p>&nbsp;<\/p>\n<h1><span style=\"color: #993366;\"><strong style=\"line-height: 24px; font-size: 16px;\">In anul\u00a0<\/strong>2012\u00a0<strong style=\"line-height: 24px; font-size: 16px;\">au fost derulate urmatoarele proiecte:<\/strong><\/span><\/h1>\n<p style=\"text-align: justify;\"><em>1.<strong> &#8222;Viata la tara&#8221;<\/strong>, o initiativa locala cu activitati derulate in Com. Buda si Rm. Sarat\u00a0ce a inclus 12 tineri din Rm. Sarat si localitatile invecinate.<\/em><\/p>\n<p style=\"text-align: justify;\"><em>2. <a href=\"http:\/\/streetsportsandmediadiversity.blogspot.ro\/\"><strong>&#8222;Street sports and media diversity&#8221;<\/strong><\/a>, un schimb de tineri la care au luat parte: Romania, Turcia, Letonia si Litunia, derulat in Rm. Sarat.<\/em><\/p>\n<p style=\"text-align: justify;\"><em>3. <strong>&#8222;Natural Balance&#8221;<\/strong>, schimb de tineri ce a avut loc in localitatea Keles, Turcia, la care au luatparte: Turcia, Romania, Azerbaijan, Italia, Slovenia.<\/em><\/p>\n<p style=\"text-align: justify;\">In cele trei proiecte au fost angrenati urmatorii 21 de tineri:<\/p>\n<ol>\n<li style=\"text-align: justify;\"><a href=\"http:\/\/www.facebook.com\/silviu.andreiu?fref=ts\">Andreiu Silviu<\/a><\/li>\n<li style=\"text-align: justify;\"><a href=\"http:\/\/www.facebook.com\/maria.alexandra.31?fref=ts\">Maria Alexandra Constantinescu<\/a><\/li>\n<li style=\"text-align: justify;\"><a href=\"http:\/\/www.facebook.com\/miu.cosminrazvan\">Miu Cosmin Razvan<\/a><\/li>\n<li><a href=\"http:\/\/www.facebook.com\/silviaaaaaaaaaa.maria?fref=ts\">Silvia Iancu<\/a><\/li>\n<li><a href=\"http:\/\/www.facebook.com\/Deezminime?fref=ts\">Chiosea Diana<\/a><\/li>\n<li><span style=\"line-height: 24px;\"><a href=\"http:\/\/www.facebook.com\/berechetpavellaurentiu?fref=ts\">Berechet Pavel<\/a><\/span><\/li>\n<li><a href=\"http:\/\/www.facebook.com\/Dieniiii\">Ciulica Denisa<\/a><\/li>\n<li><a href=\"http:\/\/www.facebook.com\/sorin.barbu.7\">Barbu Sorin<\/a><\/li>\n<li><a href=\"http:\/\/www.facebook.com\/nicusor.pacuraru?fref=ts\">Pacuraru Nicusor<\/a><\/li>\n<li><a href=\"http:\/\/www.facebook.com\/marin.razvancristian.1?fref=ts\">Marin Razvan<\/a><\/li>\n<li><a href=\"http:\/\/www.facebook.com\/dima.mihai.18?fref=ts\">Dima Mihai<\/a><\/li>\n<li><a href=\"http:\/\/www.facebook.com\/iancudragos?fref=ts\">Iancu Dragos<\/a><\/li>\n<li><a href=\"http:\/\/www.facebook.com\/anca.neculaiasa\">Neculaiasa Anca Francesca<\/a><\/li>\n<li><a href=\"http:\/\/www.facebook.com\/fede.f.fede?fref=ts\">Fedeles Adrian<\/a><\/li>\n<li><a href=\"http:\/\/www.facebook.com\/john.bonjuricaadrian?fref=ts\">Pantazica Adrian<\/a><\/li>\n<li><a href=\"http:\/\/www.facebook.com\/xonzwy?fref=ts\">Marius Belei<\/a><\/li>\n<li><a href=\"http:\/\/www.facebook.com\/xonzwy?fref=ts\">Adamache Carla Iohana<\/a><\/li>\n<li><a href=\"http:\/\/www.facebook.com\/siilviuu?fref=ts\">Jarcau Silviu<\/a><\/li>\n<li><a href=\"http:\/\/www.facebook.com\/andrei.black.9\">Andrei Mitrea<\/a><\/li>\n<li><span style=\"line-height: 24px;\"><a href=\"http:\/\/www.facebook.com\/aliana.rateanu?fref=ts\">Rateanu Alina Diana<\/a><\/span><\/li>\n<li><a href=\"http:\/\/www.facebook.com\/adryan.cozma\">Cozma Adrian<\/a><\/li>\n<\/ol>\n<p>&nbsp;<\/p>\n<p style=\"text-align: justify;\"><strong style=\"line-height: 24px;\">In anul\u00a0<\/strong><strong><span style=\"font-size: 2em;\">2011\u00a0<\/span><\/strong><strong style=\"line-height: 24px;\">organizatia noastra a fost beneficiar pentru doua proiecte:<\/strong><\/p>\n<p style=\"text-align: justify;\"><em>1. <strong><a title=\"VLMA\" href=\"http:\/\/voluntarlamineacasa.blogspot.ro\/\" target=\"_blank\">Voluntar la mine acasa<\/a>,<\/strong> Initiativa a tinerilor, ce a avut loc in Com. Podgoria si Mun. Ramnicu Sarat, in care au fost implicati 16 tineri voluntari din Ramnicu Sarat si localitatile invecinate<\/em><\/p>\n<ol>\n<li>David Daniel<\/li>\n<li><a href=\"https:\/\/www.facebook.com\/giorgiana.grozea?ref=ts&amp;fref=ts\" target=\"_blank\">Giorgiana Grozea<\/a><\/li>\n<li>Neagu Razvan<\/li>\n<li><a href=\"http:\/\/www.facebook.com\/caraba.catalin?fref=ts\" target=\"_blank\">Caraba Catalin<\/a><\/li>\n<li><a href=\"http:\/\/www.facebook.com\/jorje.tzutzu?fref=ts\" target=\"_blank\">Tutu Georgian<\/a><\/li>\n<li><a href=\"http:\/\/www.facebook.com\/danut.done10?fref=ts\" target=\"_blank\">Done Stefan<\/a><\/li>\n<li><a href=\"http:\/\/www.facebook.com\/florin.duta.5?fref=ts\" target=\"_blank\">Duta Florin<\/a><\/li>\n<li>Boboc George<\/li>\n<li><a href=\"http:\/\/www.facebook.com\/miu.cosminrazvan?fref=ts\">Miu Cosmin Razvan<\/a><\/li>\n<li><a href=\"http:\/\/www.facebook.com\/marin.razvancristian.1\">Oprea Denis<\/a><\/li>\n<li><a href=\"http:\/\/www.facebook.com\/serban.catalin.54?fref=ts\">Catalin Serban<\/a><\/li>\n<li><a href=\"http:\/\/www.facebook.com\/miu.andreea.5?fref=ts\">Lazar Andreea<\/a><\/li>\n<li><a href=\"http:\/\/www.facebook.com\/camelia.chiriac.75?fref=ts\">Chiriac Camelia<\/a><\/li>\n<li><a href=\"http:\/\/www.facebook.com\/alexandru.stefania.31?fref=ts\">Alexandru Stefania<\/a><\/li>\n<li><a href=\"http:\/\/www.facebook.com\/grama.andreea.3\">Grama Andreea<\/a><\/li>\n<li>Stefan Elena<\/li>\n<li>Andreea Velicoiu<\/li>\n<li>Ana Coman<\/li>\n<li><a href=\"http:\/\/www.facebook.com\/diana.coman.16?fref=ts\">Diana Coman<\/a><\/li>\n<li>Diana Stefan<\/li>\n<\/ol>\n<p style=\"text-align: justify;\"><em>2. <strong><a title=\"SAALS\" href=\"http:\/\/sportasalifestyle2011.blogspot.ro\/\" target=\"_blank\">Sport as a lifestyle<\/a>,<\/strong> schimb de tineri derulat la Costinesti (Romania, Portugalia, Turcia, Bulgaria, Italia) ce a implicat un numar de 6 tineri din Romania:<\/em><\/p>\n<ol>\n<li><a href=\"http:\/\/www.facebook.com\/ralu.siatat?fref=ts\">Sbirnea Raluca<\/a> &#8211; Leader<\/li>\n<li><a href=\"http:\/\/www.facebook.com\/iraluca3?fref=ts\">Ioana Raluca Gafton<\/a><\/li>\n<li><a href=\"http:\/\/www.facebook.com\/marin.razvancristian.1\">Denis Oprea<\/a><\/li>\n<li><a href=\"http:\/\/www.facebook.com\/miu.cosminrazvan?fref=ts\">Miu Cosmin Razvan<\/a><\/li>\n<li><a href=\"http:\/\/www.facebook.com\/biscuitzi.cu.uraniu?fref=ts\">Rotea Emilian<\/a><\/li>\n<li><a href=\"http:\/\/www.facebook.com\/gogu.gina?fref=ts\">Gina Gogu<\/a><\/li>\n<li><a href=\"http:\/\/www.facebook.com\/catalina.soare?fref=ts\">Soare Catalina<\/a><\/li>\n<\/ol>\n","protected":false},"excerpt":{"rendered":"<p>In continuare veti face cunostinta cu voluntarii care pe parcursul anilor 2011, 2012 si 2013 au luat parte la proiectele si actiunile Asociatiei de Tineret ONIX, proiecte finantate de catre Comisia Europeana prin Programul Tineret in Actiune&#8221; In anul\u00a02013\u00a0au fost derulate atat proiecte interne cat si internationale cu participarea voluntarilor Onix. Acestea sunt: 1. &#8222;EDU [&hellip;]<\/p>\n","protected":false},"author":1,"featured_media":0,"parent":0,"menu_order":0,"comment_status":"open","ping_status":"open","template":"","meta":[],"_links":{"self":[{"href":"https:\/\/atonix.ro\/index.php?rest_route=\/wp\/v2\/pages\/249"}],"collection":[{"href":"https:\/\/atonix.ro\/index.php?rest_route=\/wp\/v2\/pages"}],"about":[{"href":"https:\/\/atonix.ro\/index.php?rest_route=\/wp\/v2\/types\/page"}],"author":[{"embeddable":true,"href":"https:\/\/atonix.ro\/index.php?rest_route=\/wp\/v2\/users\/1"}],"replies":[{"embeddable":true,"href":"https:\/\/atonix.ro\/index.php?rest_route=%2Fwp%2Fv2%2Fcomments&post=249"}],"version-history":[{"count":22,"href":"https:\/\/atonix.ro\/index.php?rest_route=\/wp\/v2\/pages\/249\/revisions"}],"predecessor-version":[{"id":392,"href":"https:\/\/atonix.ro\/index.php?rest_route=\/wp\/v2\/pages\/249\/revisions\/392"}],"wp:attachment":[{"href":"https:\/\/atonix.ro\/index.php?rest_route=%2Fwp%2Fv2%2Fmedia&parent=249"}],"curies":[{"name":"wp","href":"https:\/\/api.w.org\/{rel}","templated":true}]}}